{"id":29,"date":"2025-02-17T12:46:06","date_gmt":"2025-02-17T12:46:06","guid":{"rendered":"https:\/\/frenchclubdebellesa.com\/?page_id=29"},"modified":"2025-07-30T10:38:26","modified_gmt":"2025-07-30T10:38:26","slug":"que-fem","status":"publish","type":"page","link":"https:\/\/frenchclubdebellesa.com\/?page_id=29","title":{"rendered":"Qu\u00e8 Fem?"},"content":{"rendered":"<div class=\"wpb-content-wrapper\"><p>[vc_row gap=&#8221;35&#8243; woodmart_css_id=&#8221;67b474119fa5d&#8221; responsive_spacing=&#8221;eyJwYXJhbV90eXBlIjoid29vZG1hcnRfcmVzcG9uc2l2ZV9zcGFjaW5nIiwic2VsZWN0b3JfaWQiOiI2N2I0NzQxMTlmYTVkIiwic2hvcnRjb2RlIjoidmNfcm93IiwiZGF0YSI6eyJ0YWJsZXQiOnt9LCJtb2JpbGUiOnsibWFyZ2luLXRvcCI6Ii0xNSJ9fX0=&#8221; mobile_bg_img_hidden=&#8221;no&#8221; tablet_bg_img_hidden=&#8221;no&#8221; woodmart_parallax=&#8221;0&#8243; woodmart_gradient_switch=&#8221;no&#8221; woodmart_box_shadow=&#8221;no&#8221; wd_z_index=&#8221;no&#8221; woodmart_disable_overflow=&#8221;0&#8243; row_reverse_mobile=&#8221;1&#8243; row_reverse_tablet=&#8221;0&#8243; css=&#8221;.vc_custom_1739879450346{margin-top: 20px !important;}&#8221;][vc_column width=&#8221;1\/2&#8243;]\n\t\t<div id=\"wd-6889f60c6a4cb\" class=\"title-wrapper wd-wpb wd-set-mb reset-last-child  wd-rs-6889f60c6a4cb wd-title-color-default wd-title-style-default text-left vc_custom_1753871889711 wd-underline-colored\">\n\t\t\t\n\t\t\t<div class=\"liner-continer\">\n\t\t\t\t<h1 class=\"woodmart-title-container title  wd-font-weight- wd-fontsize-l\" >Benvinguts a <strong>French Club<\/strong> de Bellesa<\/h1>\n\t\t\t\t\t\t\t<\/div>\n\t\t\t\n\t\t\t\n\t\t\t\n\t\t<\/div>\n\t\t\n\t\t[vc_column_text css=&#8221;&#8221; woodmart_inline=&#8221;no&#8221; text_larger=&#8221;no&#8221;]<\/p>\n<p class=\"p1\">Vull compartir amb vosaltres com vaig aconseguir fer realitat aquest somni. Aquest sal\u00f3 t\u00e9 una hist\u00f2ria molt especial per a mi. El meu marit, l\u2019\u00c0lex, venia aqu\u00ed des de petit amb la seva \u00e0via Eul\u00e0lia. Sempre el portava perqu\u00e8 era el sal\u00f3 m\u00e9s reconegut d\u2019Arenys de Mar. Mai no hauria imaginat que anys despr\u00e9s estaria al capdavant d\u2019aquest lloc tan especial.<\/p>\n<p class=\"p1\">Despr\u00e9s d\u2019estudiar est\u00e8tica i descobrir la meva passi\u00f3 pel maquillatge, vaig decidir formar-me tamb\u00e9 en perruqueria. Un dia, gr\u00e0cies a l\u2019Eul\u00e0lia, vaig saber que aquest sal\u00f3 buscava personal. Vaig proposar fer-hi pr\u00e0ctiques, vaig presentar els meus t\u00edtols i, amb esfor\u00e7, vaig aconseguir quedar-me com a part de l\u2019equip. Mentre treballava, vaig continuar formant-me, incloent-hi un curs de micropigmentaci\u00f3, que em va permetre ampliar els serveis que avui oferim.<\/p>\n<p class=\"p1\"><strong>Qu\u00e8 fem?<\/strong><\/p>\n<p class=\"p1\">Oferim les \u00faltimes tend\u00e8ncies en bellesa, cura capil\u00b7lar i est\u00e8tica, amb un enfocament natural i saludable. Talls personalitzats, colors \u00fanics i serveis com la micropigmentaci\u00f3, sempre amb productes d\u2019alta qualitat per cuidar el teu cabell i la teva pell.<\/p>\n<p class=\"p1\"><strong>El nostre objectiu<\/strong><\/p>\n<p class=\"p1\">Volem que cada visita sigui una experi\u00e8ncia \u00fanica, on et sentis com a casa i trobis aqu\u00ed la teva millor versi\u00f3. Gr\u00e0cies per confiar en nosaltres!<\/p>\n<p>[\/vc_column_text][\/vc_column][vc_column width=&#8221;1\/2&#8243;]\t\t<div id=\"wd-67b37ef30e7bb\" class=\"wd-image wd-wpb wd-rs-67b37ef30e7bb text-center \">\n\t\t\t\n\t\t\t<img loading=\"lazy\" decoding=\"async\" width=\"1200\" height=\"1606\" src=\"https:\/\/frenchclubdebellesa.com\/wp-content\/uploads\/2025\/02\/miriam.jpg\" class=\"attachment-full size-full\" alt=\"\" srcset=\"https:\/\/frenchclubdebellesa.com\/wp-content\/uploads\/2025\/02\/miriam.jpg 1200w, https:\/\/frenchclubdebellesa.com\/wp-content\/uploads\/2025\/02\/miriam-224x300.jpg 224w, https:\/\/frenchclubdebellesa.com\/wp-content\/uploads\/2025\/02\/miriam-765x1024.jpg 765w, https:\/\/frenchclubdebellesa.com\/wp-content\/uploads\/2025\/02\/miriam-768x1028.jpg 768w, https:\/\/frenchclubdebellesa.com\/wp-content\/uploads\/2025\/02\/miriam-1148x1536.jpg 1148w\" sizes=\"auto, (max-width: 1200px) 100vw, 1200px\" \/>\n\t\t\t\t\t<\/div>\n\t\t[\/vc_column][\/vc_row][vc_row][vc_column css=&#8221;.vc_custom_1739879498970{margin-top: -60px !important;}&#8221; woodmart_css_id=&#8221;67b47440184a9&#8243; parallax_scroll=&#8221;no&#8221; woodmart_sticky_column=&#8221;false&#8221; wd_collapsible_content_switcher=&#8221;no&#8221; wd_column_role_offcanvas_desktop=&#8221;no&#8221; wd_column_role_offcanvas_tablet=&#8221;no&#8221; wd_column_role_offcanvas_mobile=&#8221;no&#8221; wd_column_role_content_desktop=&#8221;no&#8221; wd_column_role_content_tablet=&#8221;no&#8221; wd_column_role_content_mobile=&#8221;no&#8221; mobile_bg_img_hidden=&#8221;no&#8221; tablet_bg_img_hidden=&#8221;no&#8221; woodmart_parallax=&#8221;0&#8243; woodmart_box_shadow=&#8221;no&#8221; responsive_spacing=&#8221;eyJwYXJhbV90eXBlIjoid29vZG1hcnRfcmVzcG9uc2l2ZV9zcGFjaW5nIiwic2VsZWN0b3JfaWQiOiI2N2I0NzQ0MDE4NGE5Iiwic2hvcnRjb2RlIjoidmNfY29sdW1uIiwiZGF0YSI6eyJ0YWJsZXQiOnt9LCJtb2JpbGUiOnsibWFyZ2luLXRvcCI6Ii0yMCJ9fX0=&#8221; mobile_reset_margin=&#8221;no&#8221; tablet_reset_margin=&#8221;no&#8221; wd_z_index=&#8221;no&#8221;][vc_column_text css=&#8221;&#8221; woodmart_inline=&#8221;no&#8221; text_larger=&#8221;no&#8221;]<\/p>\n<p class=\"p1\"><strong>Un llegat que ens inspira<\/strong><\/p>\n<p class=\"p1\">Avui em sento orgullosa de continuar amb la hist\u00f2ria d\u2019aquest sal\u00f3, inspirant-me en el llegat del mestre Francesc Pou, conegut com a French, i de portar-lo cap al futur amb una visi\u00f3 renovada i plena de passi\u00f3.<\/p>\n<p class=\"p1\">Gr\u00e0cies per permetre\u2019ns formar part del vostre dia a dia i confiar en nosaltres per cuidar de la vostra imatge i destacar la vostra millor versi\u00f3.<\/p>\n<p>[\/vc_column_text][\/vc_column][\/vc_row][vc_row gap=&#8221;35&#8243; responsive_tabs_advanced=&#8221;mobile&#8221; woodmart_css_id=&#8221;67b4745d3745a&#8221; responsive_spacing=&#8221;eyJwYXJhbV90eXBlIjoid29vZG1hcnRfcmVzcG9uc2l2ZV9zcGFjaW5nIiwic2VsZWN0b3JfaWQiOiI2N2I0NzQ1ZDM3NDVhIiwic2hvcnRjb2RlIjoidmNfcm93IiwiZGF0YSI6eyJ0YWJsZXQiOnt9LCJtb2JpbGUiOnt9fX0=&#8221; mobile_bg_img_hidden=&#8221;no&#8221; tablet_bg_img_hidden=&#8221;no&#8221; woodmart_parallax=&#8221;0&#8243; woodmart_gradient_switch=&#8221;no&#8221; woodmart_box_shadow=&#8221;no&#8221; wd_z_index=&#8221;no&#8221; woodmart_disable_overflow=&#8221;0&#8243; row_reverse_mobile=&#8221;0&#8243; row_reverse_tablet=&#8221;0&#8243; css=&#8221;.vc_custom_1739879522799{margin-top: 70px !important;}&#8221;][vc_column width=&#8221;1\/2&#8243;]\t\t<div id=\"wd-67b3668942bb1\" class=\"wd-image wd-wpb wd-rs-67b3668942bb1 text-center \">\n\t\t\t\n\t\t\t<img loading=\"lazy\" decoding=\"async\" width=\"1200\" height=\"1800\" src=\"https:\/\/frenchclubdebellesa.com\/wp-content\/uploads\/2025\/02\/extensiones-.jpg\" class=\"attachment-full size-full\" alt=\"\" srcset=\"https:\/\/frenchclubdebellesa.com\/wp-content\/uploads\/2025\/02\/extensiones-.jpg 1200w, https:\/\/frenchclubdebellesa.com\/wp-content\/uploads\/2025\/02\/extensiones--200x300.jpg 200w, https:\/\/frenchclubdebellesa.com\/wp-content\/uploads\/2025\/02\/extensiones--683x1024.jpg 683w, https:\/\/frenchclubdebellesa.com\/wp-content\/uploads\/2025\/02\/extensiones--768x1152.jpg 768w, https:\/\/frenchclubdebellesa.com\/wp-content\/uploads\/2025\/02\/extensiones--1024x1536.jpg 1024w\" sizes=\"auto, (max-width: 1200px) 100vw, 1200px\" \/>\n\t\t\t\t\t<\/div>\n\t\t[\/vc_column][vc_column width=&#8221;1\/2&#8243;]\n\t\t<div id=\"wd-6889f61ae083f\" class=\"title-wrapper wd-wpb wd-set-mb reset-last-child  wd-rs-6889f61ae083f wd-title-color-default wd-title-style-default text-left vc_custom_1753871903481 wd-underline-colored\">\n\t\t\t\n\t\t\t<div class=\"liner-continer\">\n\t\t\t\t<h2 class=\"woodmart-title-container title  wd-font-weight- wd-fontsize-l\" >El Llegat d'en <strong>Francesc Pou,<\/strong> \u201cFrench\u201d<\/h2>\n\t\t\t\t\t\t\t<\/div>\n\t\t\t\n\t\t\t\n\t\t\t\n\t\t<\/div>\n\t\t\n\t\t[vc_column_text css=&#8221;&#8221; woodmart_inline=&#8221;no&#8221; text_larger=&#8221;no&#8221;]El cor del nostre sal\u00f3 est\u00e0 en les seves arrels, i aix\u00f2 inclou honorar la hist\u00f2ria i el talent d&#8217;en Francesc Pou, afectuosament conegut com a \u201cFrench\u201d. Durant anys, French va convertir aquest espai en un referent a Arenys de Mar gr\u00e0cies a la seva visi\u00f3, dedicaci\u00f3 i una t\u00e8cnica \u00fanica que va marcar la difer\u00e8ncia en el m\u00f3n de la perruqueria.<\/p>\n<p>French va desenvolupar el seu propi estil, perfeccionat al llarg de d\u00e8cades, inspirat en metodologies reconegudes com Vidal Sassoon, Toni &amp; Guy, Trevor Sorbie, Espacio i Llongueras, per\u00f2 amb el seu toc personal que el distingeix. El seu enfocament va m\u00e9s enll\u00e0 dels simples talls o pentinats, combinant precisi\u00f3, creativitat i un profund respecte per la bellesa natural de cada persona.<\/p>\n<p>Avui, ens sentim honrats que French ens hagi confiat aquest projecte tan especial, fent-nos part\u00edcips del seu coneixement i experi\u00e8ncia. Aquest trasp\u00e0s no \u00e9s nom\u00e9s un canvi de propietari, sin\u00f3 la transmissi\u00f3 d\u2019una ess\u00e8ncia \u00fanica. Ens comprometem a preservar i enriquir tot el que ell ha constru\u00eft, adaptant-nos als temps moderns sense perdre l\u2019ess\u00e8ncia que ha convertit aquest lloc en un emblema de qualitat i excel\u00b7l\u00e8ncia.<\/p>\n<p><strong>M\u00e8tode Ess\u00e8ncia<\/strong><\/p>\n<p>El M\u00e8tode Ess\u00e8ncia, creat per Francisco Pou, combina d\u00e8cades d\u2019experi\u00e8ncia amb una filosofia basada en la precisi\u00f3, la creativitat i l\u2019atenci\u00f3 personalitzada. Aquesta t\u00e8cnica \u00fanica, que prioritza l\u2019excel\u00b7l\u00e8ncia i els detalls, \u00e9s el cor del nostre sal\u00f3 i reflecteix el valu\u00f3s llegat que ens inspira cada dia.<\/p>\n<p>Gr\u00e0cies a French, al nostre sal\u00f3 no nom\u00e9s hi trobar\u00e0s t\u00e8cniques d\u2019avantguarda, sin\u00f3 tamb\u00e9 l\u2019\u00e0nima i la tradici\u00f3 que ens fan \u00fanics. \u00c9s un privilegi continuar aquesta hist\u00f2ria i compartir amb tu una experi\u00e8ncia que combina el millor del passat i del present.[\/vc_column_text][\/vc_column][\/vc_row][vc_row css=&#8221;.vc_custom_1739878539198{margin-top: 50px !important;}&#8221; woodmart_css_id=&#8221;67b47085f10bf&#8221; responsive_spacing=&#8221;eyJwYXJhbV90eXBlIjoid29vZG1hcnRfcmVzcG9uc2l2ZV9zcGFjaW5nIiwic2VsZWN0b3JfaWQiOiI2N2I0NzA4NWYxMGJmIiwic2hvcnRjb2RlIjoidmNfcm93IiwiZGF0YSI6eyJ0YWJsZXQiOnt9LCJtb2JpbGUiOnt9fX0=&#8221; mobile_bg_img_hidden=&#8221;no&#8221; tablet_bg_img_hidden=&#8221;no&#8221; woodmart_parallax=&#8221;0&#8243; woodmart_gradient_switch=&#8221;no&#8221; woodmart_box_shadow=&#8221;no&#8221; wd_z_index=&#8221;no&#8221; woodmart_disable_overflow=&#8221;0&#8243; row_reverse_mobile=&#8221;0&#8243; row_reverse_tablet=&#8221;0&#8243;][vc_column][vc_video link=&#8221;https:\/\/www.youtube.com\/watch?v=gFQlXiz5_ao&#8221; align=&#8221;center&#8221; css=&#8221;&#8221; woodmart_css_id=&#8221;67b4706ea7853&#8243; image_poster_switch=&#8221;no&#8221;][\/vc_column][\/vc_row]<\/p>\n<\/div>","protected":false},"excerpt":{"rendered":"<p>[vc_row gap=&#8221;35&#8243; woodmart_css_id=&#8221;67b474119fa5d&#8221; responsive_spacing=&#8221;eyJwYXJhbV90eXBlIjoid29vZG1hcnRfcmVzcG9uc2l2ZV9zcGFjaW5nIiwic2VsZWN0b3JfaWQiOiI2N2I0NzQxMTlmYTVkIiwic2hvcnRjb2RlIjoidmNfcm93IiwiZGF0YSI6eyJ0YWJsZXQiOnt9LCJtb2JpbGUiOnsibWFyZ2luLXRvcCI6Ii0xNSJ9fX0=&#8221; mobile_bg_img_hidden=&#8221;no&#8221; tablet_bg_img_hidden=&#8221;no&#8221; woodmart_parallax=&#8221;0&#8243; woodmart_gradient_switch=&#8221;no&#8221; woodmart_box_shadow=&#8221;no&#8221; wd_z_index=&#8221;no&#8221; woodmart_disable_overflow=&#8221;0&#8243; row_reverse_mobile=&#8221;1&#8243; row_reverse_tablet=&#8221;0&#8243; css=&#8221;.vc_custom_1739879450346{margin-top: 20px !important;}&#8221;][vc_column width=&#8221;1\/2&#8243;][vc_column_text css=&#8221;&#8221; woodmart_inline=&#8221;no&#8221; text_larger=&#8221;no&#8221;]<\/p>\n","protected":false},"author":2,"featured_media":0,"parent":0,"menu_order":0,"comment_status":"closed","ping_status":"closed","template":"","meta":{"footnotes":""},"class_list":["post-29","page","type-page","status-publish","hentry"],"yoast_head":"<!-- This site is optimized with the Yoast SEO plugin v26.8 - https:\/\/yoast.com\/product\/yoast-seo-wordpress\/ -->\n<title>Qu\u00e8 Fem? - French Moda<\/title>\n<meta name=\"robots\" content=\"index, follow, max-snippet:-1, max-image-preview:large, max-video-preview:-1\" \/>\n<link rel=\"canonical\" href=\"https:\/\/frenchclubdebellesa.com\/?page_id=29\" \/>\n<meta property=\"og:locale\" content=\"ca_ES\" \/>\n<meta property=\"og:type\" content=\"article\" \/>\n<meta property=\"og:title\" content=\"Qu\u00e8 Fem? - French Moda\" \/>\n<meta property=\"og:description\" content=\"[vc_row gap=&#8221;35&#8243; woodmart_css_id=&#8221;67b474119fa5d&#8221; responsive_spacing=&#8221;eyJwYXJhbV90eXBlIjoid29vZG1hcnRfcmVzcG9uc2l2ZV9zcGFjaW5nIiwic2VsZWN0b3JfaWQiOiI2N2I0NzQxMTlmYTVkIiwic2hvcnRjb2RlIjoidmNfcm93IiwiZGF0YSI6eyJ0YWJsZXQiOnt9LCJtb2JpbGUiOnsibWFyZ2luLXRvcCI6Ii0xNSJ9fX0=&#8221; mobile_bg_img_hidden=&#8221;no&#8221; tablet_bg_img_hidden=&#8221;no&#8221; woodmart_parallax=&#8221;0&#8243; woodmart_gradient_switch=&#8221;no&#8221; woodmart_box_shadow=&#8221;no&#8221; wd_z_index=&#8221;no&#8221; woodmart_disable_overflow=&#8221;0&#8243; row_reverse_mobile=&#8221;1&#8243; row_reverse_tablet=&#8221;0&#8243; css=&#8221;.vc_custom_1739879450346{margin-top: 20px !important;}&#8221;][vc_column width=&#8221;1\/2&#8243;][vc_column_text css=&#8221;&#8221; woodmart_inline=&#8221;no&#8221; text_larger=&#8221;no&#8221;]\" \/>\n<meta property=\"og:url\" content=\"https:\/\/frenchclubdebellesa.com\/?page_id=29\" \/>\n<meta property=\"og:site_name\" content=\"French Moda\" \/>\n<meta property=\"article:modified_time\" content=\"2025-07-30T10:38:26+00:00\" \/>\n<meta name=\"twitter:card\" content=\"summary_large_image\" \/>\n<meta name=\"twitter:label1\" content=\"Temps estimat de lectura\" \/>\n\t<meta name=\"twitter:data1\" content=\"7 minuts\" \/>\n<script type=\"application\/ld+json\" class=\"yoast-schema-graph\">{\"@context\":\"https:\/\/schema.org\",\"@graph\":[{\"@type\":\"WebPage\",\"@id\":\"https:\/\/frenchclubdebellesa.com\/?page_id=29\",\"url\":\"https:\/\/frenchclubdebellesa.com\/?page_id=29\",\"name\":\"Qu\u00e8 Fem? - French Moda\",\"isPartOf\":{\"@id\":\"https:\/\/frenchclubdebellesa.com\/#website\"},\"datePublished\":\"2025-02-17T12:46:06+00:00\",\"dateModified\":\"2025-07-30T10:38:26+00:00\",\"breadcrumb\":{\"@id\":\"https:\/\/frenchclubdebellesa.com\/?page_id=29#breadcrumb\"},\"inLanguage\":\"ca\",\"potentialAction\":[{\"@type\":\"ReadAction\",\"target\":[\"https:\/\/frenchclubdebellesa.com\/?page_id=29\"]}]},{\"@type\":\"BreadcrumbList\",\"@id\":\"https:\/\/frenchclubdebellesa.com\/?page_id=29#breadcrumb\",\"itemListElement\":[{\"@type\":\"ListItem\",\"position\":1,\"name\":\"Inici\",\"item\":\"https:\/\/frenchclubdebellesa.com\/\"},{\"@type\":\"ListItem\",\"position\":2,\"name\":\"Qu\u00e8 Fem?\"}]},{\"@type\":\"WebSite\",\"@id\":\"https:\/\/frenchclubdebellesa.com\/#website\",\"url\":\"https:\/\/frenchclubdebellesa.com\/\",\"name\":\"French Moda\",\"description\":\"\",\"potentialAction\":[{\"@type\":\"SearchAction\",\"target\":{\"@type\":\"EntryPoint\",\"urlTemplate\":\"https:\/\/frenchclubdebellesa.com\/?s={search_term_string}\"},\"query-input\":{\"@type\":\"PropertyValueSpecification\",\"valueRequired\":true,\"valueName\":\"search_term_string\"}}],\"inLanguage\":\"ca\"}]}<\/script>\n<!-- \/ Yoast SEO plugin. -->","yoast_head_json":{"title":"Qu\u00e8 Fem? - French Moda","robots":{"index":"index","follow":"follow","max-snippet":"max-snippet:-1","max-image-preview":"max-image-preview:large","max-video-preview":"max-video-preview:-1"},"canonical":"https:\/\/frenchclubdebellesa.com\/?page_id=29","og_locale":"ca_ES","og_type":"article","og_title":"Qu\u00e8 Fem? - French Moda","og_description":"[vc_row gap=&#8221;35&#8243; woodmart_css_id=&#8221;67b474119fa5d&#8221; responsive_spacing=&#8221;eyJwYXJhbV90eXBlIjoid29vZG1hcnRfcmVzcG9uc2l2ZV9zcGFjaW5nIiwic2VsZWN0b3JfaWQiOiI2N2I0NzQxMTlmYTVkIiwic2hvcnRjb2RlIjoidmNfcm93IiwiZGF0YSI6eyJ0YWJsZXQiOnt9LCJtb2JpbGUiOnsibWFyZ2luLXRvcCI6Ii0xNSJ9fX0=&#8221; mobile_bg_img_hidden=&#8221;no&#8221; tablet_bg_img_hidden=&#8221;no&#8221; woodmart_parallax=&#8221;0&#8243; woodmart_gradient_switch=&#8221;no&#8221; woodmart_box_shadow=&#8221;no&#8221; wd_z_index=&#8221;no&#8221; woodmart_disable_overflow=&#8221;0&#8243; row_reverse_mobile=&#8221;1&#8243; row_reverse_tablet=&#8221;0&#8243; css=&#8221;.vc_custom_1739879450346{margin-top: 20px !important;}&#8221;][vc_column width=&#8221;1\/2&#8243;][vc_column_text css=&#8221;&#8221; woodmart_inline=&#8221;no&#8221; text_larger=&#8221;no&#8221;]","og_url":"https:\/\/frenchclubdebellesa.com\/?page_id=29","og_site_name":"French Moda","article_modified_time":"2025-07-30T10:38:26+00:00","twitter_card":"summary_large_image","twitter_misc":{"Temps estimat de lectura":"7 minuts"},"schema":{"@context":"https:\/\/schema.org","@graph":[{"@type":"WebPage","@id":"https:\/\/frenchclubdebellesa.com\/?page_id=29","url":"https:\/\/frenchclubdebellesa.com\/?page_id=29","name":"Qu\u00e8 Fem? - French Moda","isPartOf":{"@id":"https:\/\/frenchclubdebellesa.com\/#website"},"datePublished":"2025-02-17T12:46:06+00:00","dateModified":"2025-07-30T10:38:26+00:00","breadcrumb":{"@id":"https:\/\/frenchclubdebellesa.com\/?page_id=29#breadcrumb"},"inLanguage":"ca","potentialAction":[{"@type":"ReadAction","target":["https:\/\/frenchclubdebellesa.com\/?page_id=29"]}]},{"@type":"BreadcrumbList","@id":"https:\/\/frenchclubdebellesa.com\/?page_id=29#breadcrumb","itemListElement":[{"@type":"ListItem","position":1,"name":"Inici","item":"https:\/\/frenchclubdebellesa.com\/"},{"@type":"ListItem","position":2,"name":"Qu\u00e8 Fem?"}]},{"@type":"WebSite","@id":"https:\/\/frenchclubdebellesa.com\/#website","url":"https:\/\/frenchclubdebellesa.com\/","name":"French Moda","description":"","potentialAction":[{"@type":"SearchAction","target":{"@type":"EntryPoint","urlTemplate":"https:\/\/frenchclubdebellesa.com\/?s={search_term_string}"},"query-input":{"@type":"PropertyValueSpecification","valueRequired":true,"valueName":"search_term_string"}}],"inLanguage":"ca"}]}},"_links":{"self":[{"href":"https:\/\/frenchclubdebellesa.com\/index.php?rest_route=\/wp\/v2\/pages\/29","targetHints":{"allow":["GET"]}}],"collection":[{"href":"https:\/\/frenchclubdebellesa.com\/index.php?rest_route=\/wp\/v2\/pages"}],"about":[{"href":"https:\/\/frenchclubdebellesa.com\/index.php?rest_route=\/wp\/v2\/types\/page"}],"author":[{"embeddable":true,"href":"https:\/\/frenchclubdebellesa.com\/index.php?rest_route=\/wp\/v2\/users\/2"}],"replies":[{"embeddable":true,"href":"https:\/\/frenchclubdebellesa.com\/index.php?rest_route=%2Fwp%2Fv2%2Fcomments&post=29"}],"version-history":[{"count":25,"href":"https:\/\/frenchclubdebellesa.com\/index.php?rest_route=\/wp\/v2\/pages\/29\/revisions"}],"predecessor-version":[{"id":224,"href":"https:\/\/frenchclubdebellesa.com\/index.php?rest_route=\/wp\/v2\/pages\/29\/revisions\/224"}],"wp:attachment":[{"href":"https:\/\/frenchclubdebellesa.com\/index.php?rest_route=%2Fwp%2Fv2%2Fmedia&parent=29"}],"curies":[{"name":"wp","href":"https:\/\/api.w.org\/{rel}","templated":true}]}}