{"id":177,"date":"2025-02-18T12:11:54","date_gmt":"2025-02-18T12:11:54","guid":{"rendered":"https:\/\/frenchclubdebellesa.com\/?page_id=177"},"modified":"2025-02-18T12:11:54","modified_gmt":"2025-02-18T12:11:54","slug":"politica-de-privacidad","status":"publish","type":"page","link":"https:\/\/frenchclubdebellesa.com\/?page_id=177","title":{"rendered":"Pol\u00edtica de Privacidad"},"content":{"rendered":"<p><strong>POLITICA DE PRIVACIDAD:<\/strong><\/p>\n<p>En cumplimiento del REGLAMENTO (UE) 2016\/679 DEL PARLAMENTO EUROPEO Y DEL CONSEJO de 27 de Abril de 2016, relativo a la protecci\u00f3n de las personas f\u00edsicas en lo que respecta al tratamiento de datos personales y a la libre circulaci\u00f3n de estos datos y a Ley Org\u00e1nica 3\/2018, de 5 de diciembre, de Protecci\u00f3n de Datos Personales y garant\u00eda de los derechos digitales, se le informa que los datos personales proporcionados por usted a trav\u00e9s del sitio web https:\/\/www.frenchmoda.com (en adelante el sitio web), ser\u00e1n tratados en los siguientes t\u00e9rminos:<\/p>\n<p>Responsable del tratamiento<br \/>\nLos datos personales recabados a trav\u00e9s de este sitio web ser\u00e1n tratados por<\/p>\n<p>RAZ\u00d3N SOCIAL: Mirian Vazquez Jimenez<br \/>\nCIF:38884037FDIRECCI\u00d3N: Habitatges Sagrada Familia Bloc 5 Local 2<br \/>\nTEL\u00c9FONO:937923351<br \/>\nWHATSAPP:622213482<\/p>\n<p>Finalidades del tratamiento<br \/>\nA continuaci\u00f3n, se listan los diversos tratamientos de datos personales, que pueden llevarse a cabo por nuestra empresa<\/p>\n<p>1. Cuando nos solicite que contactemos con usted, o cuando deje sus datos a trav\u00e9s del formulario de contacto de nuestra web, o cualquier otro medio habilitado, trataremos sus datos con el fin de que podamos atender su solicitud, consulta, comentarios y\/o sugerencias, en su caso.<\/p>\n<p>Legitimaci\u00f3n: El inter\u00e9s leg\u00edtimo del responsable reforzado con el consentimiento expreso otorgado por el interesado, a trav\u00e9s de la marcaci\u00f3n de la casilla dispuesta para tal fin. Este consentimiento podr\u00e1 ser retirado en cualquier momento. Puede ver m\u00e1s informaci\u00f3n en el apartado de derechos de esta pol\u00edtica de privacidad.<br \/>\nDestinatarios: No se prev\u00e9n comunicaciones a terceros salvo obligaci\u00f3n legal.<br \/>\nConservaci\u00f3n: Estos datos ser\u00e1n conservados mientras el interesado no solicite su supresi\u00f3n o retire su consentimiento y mientras que \u00e9stos sean necesarios para alcanzar la finalidad por la cual fueron recabados.<br \/>\n2. Enviarle informaci\u00f3n comercial a nuestros clientes a trav\u00e9s de medios electr\u00f3nicos (SMS y correo electr\u00f3nico) sobre promociones, novedades, productos y servicios ofertados por nuestra empresa.<\/p>\n<p>Legitimaci\u00f3n: El inter\u00e9s leg\u00edtimo del responsable fundamentado en el art. 21.2 de la LSSI. El cliente podr\u00e1 oponerse a este tratamiento en cualquier momento. Puede ver m\u00e1s informaci\u00f3n en el apartado de derechos de esta pol\u00edtica de privacidad.<br \/>\nDestinatarios: No se prev\u00e9n comunicaciones a terceros salvo obligaci\u00f3n legal.<br \/>\nConservaci\u00f3n: Mientras el interesado no se oponga a este tratamiento o haya<br \/>\ntrascurrido un periodo razonable de a\u00f1os desde su \u00faltima compra.<br \/>\n3. Al seguir nuestro perfil en las diferentes redes sociales que utilizamos, el usuario ha dado su consentimiento para el tratamiento de sus datos personales, conforme a la pol\u00edtica de privacidad de la correspondiente red social. Nuestra empresa no se hace responsable de la informaci\u00f3n que los usuarios incorporen en las redes sociales que gestiona. Sin embargo, las personas, los datos de las cuales se encuentren publicados o incluidos en<br \/>\ncomentarios, podr\u00e1n solicitarnos su cancelaci\u00f3n.<\/p>\n<p>Legitimaci\u00f3n: El usuario consiente expresamente el acceso y tratamiento de los datos contenidos en su perfil, y que las noticias publicadas por nuestra empresa aparezcan en su muro. La petici\u00f3n del usuario para conectar con nosotros implica necesariamente su consentimiento para los tratamientos se\u00f1alados.<br \/>\nDestinatarios: Los comentarios y contenidos publicados en las redes sociales se convertir\u00e1n en informaci\u00f3n p\u00fablica, por lo cual los usuarios deber\u00e1n tener especial cuidado cuando decidan compartir su informaci\u00f3n personal.<br \/>\nConservaci\u00f3n: Los datos se conservar\u00e1n mientras el interesado no solicite su oposici\u00f3n o retire su consentimiento, pudi\u00e9ndolo hacer en cualquier momento.<br \/>\nPuede ampliar la informaci\u00f3n sobre este tratamiento, en el espacio habilitado expresamente para informar sobre esta cuesti\u00f3n en nuestra Pol\u00edtica de Privacidad Redes Sociales.<\/p>\n<p>Transferencias internacionales de datos<br \/>\nNo se prev\u00e9n transferencias Internacionales de datos en el marco de nuestras actividades.<\/p>\n<p>Derechos<br \/>\nPuede ejercer sus derechos de acceso, rectificaci\u00f3n, supresi\u00f3n y portabilidad de sus datos, de limitaci\u00f3n y oposici\u00f3n a su tratamiento, mediante escrito acompa\u00f1ado de documento oficial que le identifique dirigido a AMAYA MARTORELL ARAGON\u00c9S con domicilio en AC\/PEDR\u00d3 DE LA CREU, 48, 1-2, Barcelona 08034.<\/p>\n<p>Tambi\u00e9n puede ponerse en contacto con nosotros a trav\u00e9s de la siguiente direcci\u00f3n de correo.<br \/>\nE-mail: HOLA@AMAYACOCINA.COM<\/p>\n<p>En caso de disconformidad con el tratamiento, tambi\u00e9n tiene derecho a presentar una reclamaci\u00f3n ante la Agencia Espa\u00f1ola de Protecci\u00f3n de Datos (www.aepd.es).<\/p>\n<p>Pol\u00edtica de protecci\u00f3n de menores<\/p>\n<p>Quien facilita los datos a trav\u00e9s de los formularios de esta Web y acepta su tratamiento declara formalmente ser mayor de 18 a\u00f1os.<br \/>\nLes recordamos a las personas mayores de edad que tengan a su cargo menores, que ser\u00e1 de su exclusiva responsabilidad si alg\u00fan menor incorpora sus datos para solicitar alg\u00fan producto o servicio. Tambi\u00e9n les informamos que existen programas inform\u00e1ticos para acotar la navegaci\u00f3n mediante el filtro o bloqueo a determinados contenidos.<\/p>\n","protected":false},"excerpt":{"rendered":"<p>POLITICA DE PRIVACIDAD: En cumplimiento del REGLAMENTO (UE) 2016\/679 DEL PARLAMENTO EUROPEO Y DEL CONSEJO de 27 de Abril de<\/p>\n","protected":false},"author":2,"featured_media":0,"parent":0,"menu_order":0,"comment_status":"closed","ping_status":"closed","template":"","meta":{"footnotes":""},"class_list":["post-177","page","type-page","status-publish","hentry"],"yoast_head":"<!-- This site is optimized with the Yoast SEO plugin v26.8 - https:\/\/yoast.com\/product\/yoast-seo-wordpress\/ -->\n<title>Pol\u00edtica de Privacidad - French Moda<\/title>\n<meta name=\"robots\" content=\"index, follow, max-snippet:-1, max-image-preview:large, max-video-preview:-1\" \/>\n<link rel=\"canonical\" href=\"https:\/\/frenchclubdebellesa.com\/?page_id=177\" \/>\n<meta property=\"og:locale\" content=\"ca_ES\" \/>\n<meta property=\"og:type\" content=\"article\" \/>\n<meta property=\"og:title\" content=\"Pol\u00edtica de Privacidad - French Moda\" \/>\n<meta property=\"og:description\" content=\"POLITICA DE PRIVACIDAD: En cumplimiento del REGLAMENTO (UE) 2016\/679 DEL PARLAMENTO EUROPEO Y DEL CONSEJO de 27 de Abril de\" \/>\n<meta property=\"og:url\" content=\"https:\/\/frenchclubdebellesa.com\/?page_id=177\" \/>\n<meta property=\"og:site_name\" content=\"French Moda\" \/>\n<meta name=\"twitter:card\" content=\"summary_large_image\" \/>\n<meta name=\"twitter:label1\" content=\"Temps estimat de lectura\" \/>\n\t<meta name=\"twitter:data1\" content=\"4 minuts\" \/>\n<script type=\"application\/ld+json\" class=\"yoast-schema-graph\">{\"@context\":\"https:\/\/schema.org\",\"@graph\":[{\"@type\":\"WebPage\",\"@id\":\"https:\/\/frenchclubdebellesa.com\/?page_id=177\",\"url\":\"https:\/\/frenchclubdebellesa.com\/?page_id=177\",\"name\":\"Pol\u00edtica de Privacidad - French Moda\",\"isPartOf\":{\"@id\":\"https:\/\/frenchclubdebellesa.com\/#website\"},\"datePublished\":\"2025-02-18T12:11:54+00:00\",\"breadcrumb\":{\"@id\":\"https:\/\/frenchclubdebellesa.com\/?page_id=177#breadcrumb\"},\"inLanguage\":\"ca\",\"potentialAction\":[{\"@type\":\"ReadAction\",\"target\":[\"https:\/\/frenchclubdebellesa.com\/?page_id=177\"]}]},{\"@type\":\"BreadcrumbList\",\"@id\":\"https:\/\/frenchclubdebellesa.com\/?page_id=177#breadcrumb\",\"itemListElement\":[{\"@type\":\"ListItem\",\"position\":1,\"name\":\"Inici\",\"item\":\"https:\/\/frenchclubdebellesa.com\/\"},{\"@type\":\"ListItem\",\"position\":2,\"name\":\"Pol\u00edtica de Privacidad\"}]},{\"@type\":\"WebSite\",\"@id\":\"https:\/\/frenchclubdebellesa.com\/#website\",\"url\":\"https:\/\/frenchclubdebellesa.com\/\",\"name\":\"French Moda\",\"description\":\"\",\"potentialAction\":[{\"@type\":\"SearchAction\",\"target\":{\"@type\":\"EntryPoint\",\"urlTemplate\":\"https:\/\/frenchclubdebellesa.com\/?s={search_term_string}\"},\"query-input\":{\"@type\":\"PropertyValueSpecification\",\"valueRequired\":true,\"valueName\":\"search_term_string\"}}],\"inLanguage\":\"ca\"}]}<\/script>\n<!-- \/ Yoast SEO plugin. -->","yoast_head_json":{"title":"Pol\u00edtica de Privacidad - French Moda","robots":{"index":"index","follow":"follow","max-snippet":"max-snippet:-1","max-image-preview":"max-image-preview:large","max-video-preview":"max-video-preview:-1"},"canonical":"https:\/\/frenchclubdebellesa.com\/?page_id=177","og_locale":"ca_ES","og_type":"article","og_title":"Pol\u00edtica de Privacidad - French Moda","og_description":"POLITICA DE PRIVACIDAD: En cumplimiento del REGLAMENTO (UE) 2016\/679 DEL PARLAMENTO EUROPEO Y DEL CONSEJO de 27 de Abril de","og_url":"https:\/\/frenchclubdebellesa.com\/?page_id=177","og_site_name":"French Moda","twitter_card":"summary_large_image","twitter_misc":{"Temps estimat de lectura":"4 minuts"},"schema":{"@context":"https:\/\/schema.org","@graph":[{"@type":"WebPage","@id":"https:\/\/frenchclubdebellesa.com\/?page_id=177","url":"https:\/\/frenchclubdebellesa.com\/?page_id=177","name":"Pol\u00edtica de Privacidad - French Moda","isPartOf":{"@id":"https:\/\/frenchclubdebellesa.com\/#website"},"datePublished":"2025-02-18T12:11:54+00:00","breadcrumb":{"@id":"https:\/\/frenchclubdebellesa.com\/?page_id=177#breadcrumb"},"inLanguage":"ca","potentialAction":[{"@type":"ReadAction","target":["https:\/\/frenchclubdebellesa.com\/?page_id=177"]}]},{"@type":"BreadcrumbList","@id":"https:\/\/frenchclubdebellesa.com\/?page_id=177#breadcrumb","itemListElement":[{"@type":"ListItem","position":1,"name":"Inici","item":"https:\/\/frenchclubdebellesa.com\/"},{"@type":"ListItem","position":2,"name":"Pol\u00edtica de Privacidad"}]},{"@type":"WebSite","@id":"https:\/\/frenchclubdebellesa.com\/#website","url":"https:\/\/frenchclubdebellesa.com\/","name":"French Moda","description":"","potentialAction":[{"@type":"SearchAction","target":{"@type":"EntryPoint","urlTemplate":"https:\/\/frenchclubdebellesa.com\/?s={search_term_string}"},"query-input":{"@type":"PropertyValueSpecification","valueRequired":true,"valueName":"search_term_string"}}],"inLanguage":"ca"}]}},"_links":{"self":[{"href":"https:\/\/frenchclubdebellesa.com\/index.php?rest_route=\/wp\/v2\/pages\/177","targetHints":{"allow":["GET"]}}],"collection":[{"href":"https:\/\/frenchclubdebellesa.com\/index.php?rest_route=\/wp\/v2\/pages"}],"about":[{"href":"https:\/\/frenchclubdebellesa.com\/index.php?rest_route=\/wp\/v2\/types\/page"}],"author":[{"embeddable":true,"href":"https:\/\/frenchclubdebellesa.com\/index.php?rest_route=\/wp\/v2\/users\/2"}],"replies":[{"embeddable":true,"href":"https:\/\/frenchclubdebellesa.com\/index.php?rest_route=%2Fwp%2Fv2%2Fcomments&post=177"}],"version-history":[{"count":1,"href":"https:\/\/frenchclubdebellesa.com\/index.php?rest_route=\/wp\/v2\/pages\/177\/revisions"}],"predecessor-version":[{"id":178,"href":"https:\/\/frenchclubdebellesa.com\/index.php?rest_route=\/wp\/v2\/pages\/177\/revisions\/178"}],"wp:attachment":[{"href":"https:\/\/frenchclubdebellesa.com\/index.php?rest_route=%2Fwp%2Fv2%2Fmedia&parent=177"}],"curies":[{"name":"wp","href":"https:\/\/api.w.org\/{rel}","templated":true}]}}